{"id":12,"date":"2026-03-02T10:04:37","date_gmt":"2026-03-02T10:04:37","guid":{"rendered":"https:\/\/molinsplanchaypintura.es\/?page_id=12"},"modified":"2026-03-02T10:53:40","modified_gmt":"2026-03-02T10:53:40","slug":"sobre-nosotros","status":"publish","type":"page","link":"https:\/\/molinsplanchaypintura.es\/en\/sobre-nosotros\/","title":{"rendered":"About us"},"content":{"rendered":"<div data-elementor-type=\"wp-page\" data-elementor-id=\"12\" class=\"elementor elementor-12\" data-elementor-post-type=\"page\">\n\t\t\t\t<div class=\"elementor-element elementor-element-3a40ec6 e-con-full e-flex e-con e-parent\" data-id=\"3a40ec6\" data-element_type=\"container\" data-e-type=\"container\">\n\t\t\t\t<div class=\"elementor-element elementor-element-37d1b6e elementor-widget elementor-widget-html\" data-id=\"37d1b6e\" data-element_type=\"widget\" data-e-type=\"widget\" data-widget_type=\"html.default\">\n\t\t\t\t\t<style>\r\n    .tm-about {\r\n        background-color: #F8FAFC;\r\n        padding: 100px 20px;\r\n        font-family: 'Open Sans', sans-serif;\r\n    }\r\n\r\n    .tm-about-container {\r\n        max-width: 1100px;\r\n        margin: 0 auto;\r\n        display: flex;\r\n        flex-wrap: wrap;\r\n        gap: 60px;\r\n        align-items: center;\r\n    }\r\n\r\n    .tm-about-text { flex: 1.5; min-width: 300px; }\r\n\r\n    .tm-small-title {\r\n        color: #E53935;\r\n        font-weight: 700;\r\n        text-transform: uppercase;\r\n        font-size: 14px;\r\n        font-family: 'Montserrat', sans-serif;\r\n        letter-spacing: 2px;\r\n        margin-bottom: 15px;\r\n        display: block;\r\n    }\r\n\r\n    .tm-main-title {\r\n        font-family: 'Montserrat', sans-serif;\r\n        color: #1E293B;\r\n        font-size: 40px;\r\n        font-weight: 800;\r\n        margin-bottom: 30px;\r\n        line-height: 1.2;\r\n        text-transform: uppercase;\r\n    }\r\n\r\n    .tm-paragraph {\r\n        color: #475569;\r\n        font-size: 17px;\r\n        line-height: 1.8;\r\n        margin-bottom: 20px;\r\n    }\r\n\r\n    .tm-highlight {\r\n        background-color: #FFFFFF;\r\n        border-left: 4px solid #E53935;\r\n        padding: 25px;\r\n        box-shadow: 0 4px 15px rgba(0,0,0,0.05);\r\n        margin-top: 35px;\r\n    }\r\n    \r\n    .tm-highlight p { margin: 0; font-family: 'Montserrat', sans-serif; color: #1E293B; font-weight: 700; font-size: 18px; }\r\n\r\n    .tm-features {\r\n        flex: 1;\r\n        min-width: 300px;\r\n        display: flex;\r\n        flex-direction: column;\r\n        gap: 20px;\r\n    }\r\n\r\n    .tm-feature-item {\r\n        background: #FFFFFF;\r\n        padding: 30px;\r\n        box-shadow: 0 10px 30px rgba(30, 41, 59, 0.05);\r\n        border-bottom: 3px solid #E53935;\r\n    }\r\n\r\n    .tm-feature-item h4 { font-family: 'Montserrat', sans-serif; color: #1E293B; font-size: 18px; margin: 0 0 10px 0; font-weight: 800; text-transform: uppercase;}\r\n    .tm-feature-item p { margin: 0; color: #64748B; font-size: 15px; line-height: 1.6;}\r\n<\/style>\r\n\r\n<div class=\"tm-about\">\r\n    <div class=\"tm-about-container\">\r\n        \r\n        <div class=\"tm-about-text\">\r\n            <span class=\"tm-small-title\">Facilities and Equipment<\/span>\r\n            <h2 class=\"tm-main-title\">More than 25 years in the automotive sector.<\/h2>\r\n            <p class=\"tm-paragraph\">\r\n                Choose your trusted, long-established workshop. We have facilities of <strong>500 m2 located in the Meliana<\/strong>industrial park, just 5 km from Valencia.\r\n            <\/p>\r\n            <p class=\"tm-paragraph\">\r\n                Our location gives us unbeatable communication characteristics with respect to the main roads, allowing us to offer an agile and accessible service to all our customers.\r\n            <\/p>\r\n            \r\n            <div class=\"tm-highlight\">\r\n                <p>Our priority is satisfied customers. We focus all our efforts on delivering a flawless result for every vehicle.<\/p>\r\n            <\/div>\r\n        <\/div>\r\n\r\n        <div class=\"tm-features\">\r\n            <div class=\"tm-feature-item\">\r\n                <h4>Qualified Personnel<\/h4>\r\n                <p>Highly qualified and expert team in the sector to guarantee the best repair.<\/p>\r\n            <\/div>\r\n            <div class=\"tm-feature-item\">\r\n                <h4>Fast and Reliable<\/h4>\r\n                <p>Fast service with state-of-the-art techniques and products to reduce waiting times.<\/p>\r\n            <\/div>\r\n            <div class=\"tm-feature-item\">\r\n                <h4>Professional Tools<\/h4>\r\n                <p>State-of-the-art machinery to achieve perfect factory finishes.<\/p>\r\n            <\/div>\r\n        <\/div>\r\n\r\n    <\/div>\r\n<\/div>\t\t\t\t<\/div>\n\t\t\t\t<\/div>\n\t\t\t\t<\/div>","protected":false},"excerpt":{"rendered":"<p>Instalaciones y Equipo M\u00e1s de 25 a\u00f1os en el sector del autom\u00f3vil. Elija el taller de confianza de toda la [&hellip;]<\/p>\n","protected":false},"author":1,"featured_media":0,"parent":0,"menu_order":0,"comment_status":"closed","ping_status":"closed","template":"elementor_header_footer","meta":{"site-sidebar-layout":"no-sidebar","site-content-layout":"","ast-site-content-layout":"full-width-container","site-content-style":"default","site-sidebar-style":"default","ast-global-header-display":"","ast-banner-title-visibility":"","ast-main-header-display":"","ast-hfb-above-header-display":"","ast-hfb-below-header-display":"","ast-hfb-mobile-header-display":"","site-post-title":"disabled","ast-breadcrumbs-content":"","ast-featured-img":"disabled","footer-sml-layout":"","ast-disable-related-posts":"","theme-transparent-header-meta":"","adv-header-id-meta":"","stick-header-meta":"","header-above-stick-meta":"","header-main-stick-meta":"","header-below-stick-meta":"","astra-migrate-meta-layouts":"default","ast-page-background-enabled":"default","ast-page-background-meta":{"desktop":{"background-color":"var(--ast-global-color-5)","background-image":"","background-repeat":"repeat","background-position":"center center","background-size":"auto","background-attachment":"scroll","background-type":"","background-media":"","overlay-type":"","overlay-color":"","overlay-opacity":"","overlay-gradient":""},"tablet":{"background-color":"","background-image":"","background-repeat":"repeat","background-position":"center center","background-size":"auto","background-attachment":"scroll","background-type":"","background-media":"","overlay-type":"","overlay-color":"","overlay-opacity":"","overlay-gradient":""},"mobile":{"background-color":"","background-image":"","background-repeat":"repeat","background-position":"center center","background-size":"auto","background-attachment":"scroll","background-type":"","background-media":"","overlay-type":"","overlay-color":"","overlay-opacity":"","overlay-gradient":""}},"ast-content-background-meta":{"desktop":{"background-color":"var(--ast-global-color-4)","background-image":"","background-repeat":"repeat","background-position":"center center","background-size":"auto","background-attachment":"scroll","background-type":"","background-media":"","overlay-type":"","overlay-color":"","overlay-opacity":"","overlay-gradient":""},"tablet":{"background-color":"var(--ast-global-color-4)","background-image":"","background-repeat":"repeat","background-position":"center center","background-size":"auto","background-attachment":"scroll","background-type":"","background-media":"","overlay-type":"","overlay-color":"","overlay-opacity":"","overlay-gradient":""},"mobile":{"background-color":"var(--ast-global-color-4)","background-image":"","background-repeat":"repeat","background-position":"center center","background-size":"auto","background-attachment":"scroll","background-type":"","background-media":"","overlay-type":"","overlay-color":"","overlay-opacity":"","overlay-gradient":""}},"footnotes":""},"class_list":["post-12","page","type-page","status-publish","hentry"],"_links":{"self":[{"href":"https:\/\/molinsplanchaypintura.es\/en\/wp-json\/wp\/v2\/pages\/12","targetHints":{"allow":["GET"]}}],"collection":[{"href":"https:\/\/molinsplanchaypintura.es\/en\/wp-json\/wp\/v2\/pages"}],"about":[{"href":"https:\/\/molinsplanchaypintura.es\/en\/wp-json\/wp\/v2\/types\/page"}],"author":[{"embeddable":true,"href":"https:\/\/molinsplanchaypintura.es\/en\/wp-json\/wp\/v2\/users\/1"}],"replies":[{"embeddable":true,"href":"https:\/\/molinsplanchaypintura.es\/en\/wp-json\/wp\/v2\/comments?post=12"}],"version-history":[{"count":4,"href":"https:\/\/molinsplanchaypintura.es\/en\/wp-json\/wp\/v2\/pages\/12\/revisions"}],"predecessor-version":[{"id":43,"href":"https:\/\/molinsplanchaypintura.es\/en\/wp-json\/wp\/v2\/pages\/12\/revisions\/43"}],"wp:attachment":[{"href":"https:\/\/molinsplanchaypintura.es\/en\/wp-json\/wp\/v2\/media?parent=12"}],"curies":[{"name":"wp","href":"https:\/\/api.w.org\/{rel}","templated":true}]}}