{"id":14,"date":"2026-03-02T10:04:48","date_gmt":"2026-03-02T10:04:48","guid":{"rendered":"https:\/\/molinsplanchaypintura.es\/?page_id=14"},"modified":"2026-03-02T11:19:51","modified_gmt":"2026-03-02T11:19:51","slug":"servicios","status":"publish","type":"page","link":"https:\/\/molinsplanchaypintura.es\/en\/servicios\/","title":{"rendered":"Services"},"content":{"rendered":"<div data-elementor-type=\"wp-page\" data-elementor-id=\"14\" class=\"elementor elementor-14\" data-elementor-post-type=\"page\">\n\t\t\t\t<div class=\"elementor-element elementor-element-d789b73 e-con-full e-flex e-con e-parent\" data-id=\"d789b73\" data-element_type=\"container\" data-e-type=\"container\">\n\t\t\t\t<div class=\"elementor-element elementor-element-b5a9564 elementor-widget elementor-widget-html\" data-id=\"b5a9564\" data-element_type=\"widget\" data-e-type=\"widget\" data-widget_type=\"html.default\">\n\t\t\t\t\t<style>\r\n    @import url('https:\/\/fonts.googleapis.com\/css2?family=Montserrat:wght@500;700;800&family=Open+Sans:wght@400;600&display=swap');\r\n\r\n    .tm-servicios-header {\r\n        text-align: center;\r\n        padding: 100px 20px 40px 20px;\r\n        background: #FFFFFF;\r\n        font-family: 'Open Sans', sans-serif;\r\n    }\r\n\r\n    .tm-servicios-header span {\r\n        color: #E53935;\r\n        font-family: 'Montserrat', sans-serif;\r\n        font-size: 14px;\r\n        font-weight: 800;\r\n        text-transform: uppercase;\r\n        letter-spacing: 2px;\r\n        display: block;\r\n        margin-bottom: 15px;\r\n    }\r\n\r\n    .tm-servicios-header h1 {\r\n        font-family: 'Montserrat', sans-serif;\r\n        color: #1E293B;\r\n        font-size: 45px;\r\n        font-weight: 800;\r\n        margin-bottom: 20px;\r\n        text-transform: uppercase;\r\n    }\r\n\r\n    .tm-servicios-header p {\r\n        color: #475569;\r\n        font-size: 18px;\r\n        line-height: 1.6;\r\n        max-width: 800px;\r\n        margin: 0 auto;\r\n    }\r\n<\/style>\r\n\r\n<div class=\"tm-servicios-header\">\r\n    <span>Fast and Reliable<\/span>\r\n    <h1>Our Services<\/h1>\r\n    <p>Fast service, using state-of-the-art techniques and products. We work for all insurance companies.<\/p>\r\n<\/div>\t\t\t\t<\/div>\n\t\t\t\t<\/div>\n\t\t<div class=\"elementor-element elementor-element-87883d5 e-grid e-con-boxed e-con e-parent\" data-id=\"87883d5\" data-element_type=\"container\" data-e-type=\"container\">\n\t\t\t\t\t<div class=\"e-con-inner\">\n\t\t\t\t<div class=\"elementor-element elementor-element-bef3117 elementor-view-default elementor-position-block-start elementor-mobile-position-block-start elementor-widget elementor-widget-icon-box\" data-id=\"bef3117\" data-element_type=\"widget\" data-e-type=\"widget\" data-widget_type=\"icon-box.default\">\n\t\t\t\t\t\t\t<div class=\"elementor-icon-box-wrapper\">\n\n\t\t\t\t\t\t<div class=\"elementor-icon-box-icon\">\n\t\t\t\t<span  class=\"elementor-icon\">\n\t\t\t\t<svg aria-hidden=\"true\" class=\"e-font-icon-svg e-fas-wrench\" viewbox=\"0 0 512 512\" xmlns=\"http:\/\/www.w3.org\/2000\/svg\"><path d=\"M507.73 109.1c-2.24-9.03-13.54-12.09-20.12-5.51l-74.36 74.36-67.88-11.31-11.31-67.88 74.36-74.36c6.62-6.62 3.43-17.9-5.66-20.16-47.38-11.74-99.55.91-136.58 37.93-39.64 39.64-50.55 97.1-34.05 147.2L18.74 402.76c-24.99 24.99-24.99 65.51 0 90.5 24.99 24.99 65.51 24.99 90.5 0l213.21-213.21c50.12 16.71 107.47 5.68 147.37-34.22 37.07-37.07 49.7-89.32 37.91-136.73zM64 472c-13.25 0-24-10.75-24-24 0-13.26 10.75-24 24-24s24 10.74 24 24c0 13.25-10.75 24-24 24z\"><\/path><\/svg>\t\t\t\t<\/span>\n\t\t\t<\/div>\n\t\t\t\n\t\t\t\t\t\t<div class=\"elementor-icon-box-content\">\n\n\t\t\t\t\t\t\t\t\t<h3 class=\"elementor-icon-box-title\">\n\t\t\t\t\t\t<span  >\n\t\t\t\t\t\t\tSheet Metal Repair\t\t\t\t\t\t<\/span>\n\t\t\t\t\t<\/h3>\n\t\t\t\t\n\t\t\t\t\t\t\t\t\t<p class=\"elementor-icon-box-description\">\n\t\t\t\t\t\tState-of-the-art tool for sheet metal repair. We restore your vehicle's bodywork to its original shape and strength.\t\t\t\t\t<\/p>\n\t\t\t\t\n\t\t\t<\/div>\n\t\t\t\n\t\t<\/div>\n\t\t\t\t\t\t<\/div>\n\t\t\t\t<div class=\"elementor-element elementor-element-a16854e elementor-view-default elementor-position-block-start elementor-mobile-position-block-start elementor-widget elementor-widget-icon-box\" data-id=\"a16854e\" data-element_type=\"widget\" data-e-type=\"widget\" data-widget_type=\"icon-box.default\">\n\t\t\t\t\t\t\t<div class=\"elementor-icon-box-wrapper\">\n\n\t\t\t\t\t\t<div class=\"elementor-icon-box-icon\">\n\t\t\t\t<span  class=\"elementor-icon\">\n\t\t\t\t<svg aria-hidden=\"true\" class=\"e-font-icon-svg e-fas-paint-roller\" viewbox=\"0 0 512 512\" xmlns=\"http:\/\/www.w3.org\/2000\/svg\"><path d=\"M416 128V32c0-17.67-14.33-32-32-32H32C14.33 0 0 14.33 0 32v96c0 17.67 14.33 32 32 32h352c17.67 0 32-14.33 32-32zm32-64v128c0 17.67-14.33 32-32 32H256c-35.35 0-64 28.65-64 64v32c-17.67 0-32 14.33-32 32v128c0 17.67 14.33 32 32 32h64c17.67 0 32-14.33 32-32V352c0-17.67-14.33-32-32-32v-32h160c53.02 0 96-42.98 96-96v-64c0-35.35-28.65-64-64-64z\"><\/path><\/svg>\t\t\t\t<\/span>\n\t\t\t<\/div>\n\t\t\t\n\t\t\t\t\t\t<div class=\"elementor-icon-box-content\">\n\n\t\t\t\t\t\t\t\t\t<h3 class=\"elementor-icon-box-title\">\n\t\t\t\t\t\t<span  >\n\t\t\t\t\t\t\tCar Painting\t\t\t\t\t\t<\/span>\n\t\t\t\t\t<\/h3>\n\t\t\t\t\n\t\t\t\t\t\t\t\t\t<p class=\"elementor-icon-box-description\">\n\t\t\t\t\t\tState-of-the-art techniques and products for painting your vehicle. We achieve the exact color and a factory finish.\t\t\t\t\t<\/p>\n\t\t\t\t\n\t\t\t<\/div>\n\t\t\t\n\t\t<\/div>\n\t\t\t\t\t\t<\/div>\n\t\t\t\t<div class=\"elementor-element elementor-element-42e6258 elementor-view-default elementor-position-block-start elementor-mobile-position-block-start elementor-widget elementor-widget-icon-box\" data-id=\"42e6258\" data-element_type=\"widget\" data-e-type=\"widget\" data-widget_type=\"icon-box.default\">\n\t\t\t\t\t\t\t<div class=\"elementor-icon-box-wrapper\">\n\n\t\t\t\t\t\t<div class=\"elementor-icon-box-icon\">\n\t\t\t\t<span  class=\"elementor-icon\">\n\t\t\t\t<svg aria-hidden=\"true\" class=\"e-font-icon-svg e-fas-clock\" viewbox=\"0 0 512 512\" xmlns=\"http:\/\/www.w3.org\/2000\/svg\"><path d=\"M256,8C119,8,8,119,8,256S119,504,256,504,504,393,504,256,393,8,256,8Zm92.49,313h0l-20,25a16,16,0,0,1-22.49,2.5h0l-67-49.72a40,40,0,0,1-15-31.23V112a16,16,0,0,1,16-16h32a16,16,0,0,1,16,16V256l58,42.5A16,16,0,0,1,348.49,321Z\"><\/path><\/svg>\t\t\t\t<\/span>\n\t\t\t<\/div>\n\t\t\t\n\t\t\t\t\t\t<div class=\"elementor-icon-box-content\">\n\n\t\t\t\t\t\t\t\t\t<h3 class=\"elementor-icon-box-title\">\n\t\t\t\t\t\t<span  >\n\t\t\t\t\t\t\t24\/7 Emergency\t\t\t\t\t\t<\/span>\n\t\t\t\t\t<\/h3>\n\t\t\t\t\n\t\t\t\t\t\t\t\t\t<p class=\"elementor-icon-box-description\">\n\t\t\t\t\t\tWe're here for you. We'll take care of your vehicle's needs so you can get back on the road as soon as possible.\t\t\t\t\t<\/p>\n\t\t\t\t\n\t\t\t<\/div>\n\t\t\t\n\t\t<\/div>\n\t\t\t\t\t\t<\/div>\n\t\t\t\t\t<\/div>\n\t\t\t\t<\/div>\n\t\t<div class=\"elementor-element elementor-element-f6c025e e-con-full e-flex e-con e-parent\" data-id=\"f6c025e\" data-element_type=\"container\" data-e-type=\"container\">\n\t\t\t\t<div class=\"elementor-element elementor-element-cb9e6b6 elementor-widget elementor-widget-html\" data-id=\"cb9e6b6\" data-element_type=\"widget\" data-e-type=\"widget\" data-widget_type=\"html.default\">\n\t\t\t\t\t<style>\r\n    .tm-cta-wrapper {\r\n        background: #FFFFFF;\r\n        padding-bottom: 100px;\r\n        padding-top: 50px;\r\n    }\r\n\r\n    .tm-cta-banner {\r\n        background-image: linear-gradient(rgba(30, 41, 59, 0.9), rgba(30, 41, 59, 0.9)), url('https:\/\/images.unsplash.com\/photo-1492144534655-ae79c964c9d7?ixlib=rb-1.2.1&auto=format&fit=crop&w=1200&q=80');\r\n        background-size: cover;\r\n        background-position: center;\r\n        padding: 80px 20px;\r\n        text-align: center;\r\n        max-width: 1200px;\r\n        margin: 0 auto;\r\n        border-radius: 4px;\r\n    }\r\n\r\n    .tm-cta-banner h3 {\r\n        font-family: 'Montserrat', sans-serif;\r\n        font-size: 35px;\r\n        color: #FFFFFF;\r\n        margin-bottom: 20px;\r\n        font-weight: 800;\r\n        text-transform: uppercase;\r\n    }\r\n\r\n    .tm-cta-banner p {\r\n        font-family: 'Open Sans', sans-serif;\r\n        font-size: 18px;\r\n        color: #E2E8F0;\r\n        margin-bottom: 40px;\r\n    }\r\n\r\n    .tm-cta-banner a {\r\n        background-color: #E53935;\r\n        color: #FFFFFF !important;\r\n        padding: 18px 40px;\r\n        text-decoration: none;\r\n        font-family: 'Montserrat', sans-serif;\r\n        font-weight: 700;\r\n        font-size: 15px;\r\n        text-transform: uppercase;\r\n        letter-spacing: 1px;\r\n        transition: 0.3s;\r\n        display: inline-block;\r\n        border-radius: 2px;\r\n    }\r\n\r\n    .tm-cta-banner a:hover {\r\n        background-color: #FFFFFF;\r\n        color: #1E293B !important;\r\n    }\r\n\r\n    @media (max-width: 768px) {\r\n        .tm-cta-banner {\r\n            border-radius: 0;\r\n            padding: 50px 20px;\r\n        }\r\n    }\r\n<\/style>\r\n\r\n<div class=\"tm-cta-wrapper\">\r\n    <div class=\"tm-cta-banner\">\r\n        <h3>Take a road trip<\/h3>\r\n        <p>We'll get your vehicle ready for your next adventure.<\/p>\r\n        <a href=\"https:\/\/molinsplanchaypintura.es\/en\/contacto\/\">Request information<\/a>\r\n    <\/div>\r\n<\/div>\t\t\t\t<\/div>\n\t\t\t\t<\/div>\n\t\t\t\t<\/div>","protected":false},"excerpt":{"rendered":"<p>R\u00e1pido y Fiable Nuestros Servicios Servicio r\u00e1pido, con t\u00e9cnicas y productos de \u00faltima generaci\u00f3n. Trabajamos para todas las compa\u00f1\u00edas de [&hellip;]<\/p>\n","protected":false},"author":1,"featured_media":0,"parent":0,"menu_order":0,"comment_status":"closed","ping_status":"closed","template":"elementor_header_footer","meta":{"site-sidebar-layout":"no-sidebar","site-content-layout":"","ast-site-content-layout":"full-width-container","site-content-style":"default","site-sidebar-style":"default","ast-global-header-display":"","ast-banner-title-visibility":"","ast-main-header-display":"","ast-hfb-above-header-display":"","ast-hfb-below-header-display":"","ast-hfb-mobile-header-display":"","site-post-title":"disabled","ast-breadcrumbs-content":"","ast-featured-img":"disabled","footer-sml-layout":"","ast-disable-related-posts":"","theme-transparent-header-meta":"","adv-header-id-meta":"","stick-header-meta":"","header-above-stick-meta":"","header-main-stick-meta":"","header-below-stick-meta":"","astra-migrate-meta-layouts":"default","ast-page-background-enabled":"default","ast-page-background-meta":{"desktop":{"background-color":"var(--ast-global-color-5)","background-image":"","background-repeat":"repeat","background-position":"center center","background-size":"auto","background-attachment":"scroll","background-type":"","background-media":"","overlay-type":"","overlay-color":"","overlay-opacity":"","overlay-gradient":""},"tablet":{"background-color":"","background-image":"","background-repeat":"repeat","background-position":"center center","background-size":"auto","background-attachment":"scroll","background-type":"","background-media":"","overlay-type":"","overlay-color":"","overlay-opacity":"","overlay-gradient":""},"mobile":{"background-color":"","background-image":"","background-repeat":"repeat","background-position":"center center","background-size":"auto","background-attachment":"scroll","background-type":"","background-media":"","overlay-type":"","overlay-color":"","overlay-opacity":"","overlay-gradient":""}},"ast-content-background-meta":{"desktop":{"background-color":"var(--ast-global-color-4)","background-image":"","background-repeat":"repeat","background-position":"center center","background-size":"auto","background-attachment":"scroll","background-type":"","background-media":"","overlay-type":"","overlay-color":"","overlay-opacity":"","overlay-gradient":""},"tablet":{"background-color":"var(--ast-global-color-4)","background-image":"","background-repeat":"repeat","background-position":"center center","background-size":"auto","background-attachment":"scroll","background-type":"","background-media":"","overlay-type":"","overlay-color":"","overlay-opacity":"","overlay-gradient":""},"mobile":{"background-color":"var(--ast-global-color-4)","background-image":"","background-repeat":"repeat","background-position":"center center","background-size":"auto","background-attachment":"scroll","background-type":"","background-media":"","overlay-type":"","overlay-color":"","overlay-opacity":"","overlay-gradient":""}},"footnotes":""},"class_list":["post-14","page","type-page","status-publish","hentry"],"_links":{"self":[{"href":"https:\/\/molinsplanchaypintura.es\/en\/wp-json\/wp\/v2\/pages\/14","targetHints":{"allow":["GET"]}}],"collection":[{"href":"https:\/\/molinsplanchaypintura.es\/en\/wp-json\/wp\/v2\/pages"}],"about":[{"href":"https:\/\/molinsplanchaypintura.es\/en\/wp-json\/wp\/v2\/types\/page"}],"author":[{"embeddable":true,"href":"https:\/\/molinsplanchaypintura.es\/en\/wp-json\/wp\/v2\/users\/1"}],"replies":[{"embeddable":true,"href":"https:\/\/molinsplanchaypintura.es\/en\/wp-json\/wp\/v2\/comments?post=14"}],"version-history":[{"count":10,"href":"https:\/\/molinsplanchaypintura.es\/en\/wp-json\/wp\/v2\/pages\/14\/revisions"}],"predecessor-version":[{"id":54,"href":"https:\/\/molinsplanchaypintura.es\/en\/wp-json\/wp\/v2\/pages\/14\/revisions\/54"}],"wp:attachment":[{"href":"https:\/\/molinsplanchaypintura.es\/en\/wp-json\/wp\/v2\/media?parent=14"}],"curies":[{"name":"wp","href":"https:\/\/api.w.org\/{rel}","templated":true}]}}